{"id":1474,"date":"2025-02-11T09:27:28","date_gmt":"2025-02-11T09:27:28","guid":{"rendered":"https:\/\/hotelcocoon.korulo.be\/beispielseite\/"},"modified":"2025-03-26T09:37:48","modified_gmt":"2025-03-26T09:37:48","slug":"beispielseite","status":"publish","type":"page","link":"https:\/\/www.hotelcocoon.be\/de\/beispielseite\/","title":{"rendered":"Beispielseite"},"content":{"rendered":"\n<p>Dies ist eine Beispielseite. Sie unterscheidet sich von einem Blogbeitrag, weil sie an einem Ort bleibt und in der Navigation Ihrer Website angezeigt wird (in den meisten Themes). Die meisten Menschen beginnen mit einer \u00dcber-Seite, auf der sie sich potenziellen Besuchern der Website vorstellen. Sie k\u00f6nnte etwa so lauten:   <\/p>\n\n<blockquote class=\"wp-block-quote is-layout-flow wp-block-quote-is-layout-flow\"><p>Hallo zusammen! Tags\u00fcber bin ich Fahrradkurier, nachts aufstrebender Schauspieler, und dies ist meine Website. Ich lebe in Los Angeles, habe einen tollen Hund namens Jack und mag Pi\u00f1a Coladas. (Und ich mag es, im Regen erwischt zu werden.)   <\/p><\/blockquote>\n\n<p>&#8230;oder etwas in dieser Art:<\/p>\n\n<blockquote class=\"wp-block-quote is-layout-flow wp-block-quote-is-layout-flow\"><p>Die XYZ Doohickey Company wurde 1971 gegr\u00fcndet und stellt seitdem hochwertige Doohickeys f\u00fcr die \u00d6ffentlichkeit her. XYZ hat seinen Sitz in Gotham City und besch\u00e4ftigt \u00fcber 2.000 Mitarbeiter, die alle m\u00f6glichen gro\u00dfartigen Dinge f\u00fcr die Gotham Community tun. <\/p><\/blockquote>\n\n<p>Als neuer WordPress-Benutzer sollten Sie zu <a href=\"https:\/\/www.hotelcocoon.be\/wp-admin\/\">Ihrem Dashboard<\/a> gehen, um diese Seite zu l\u00f6schen und neue Seiten f\u00fcr Ihre Inhalte zu erstellen. Viel Spa\u00df! <\/p>\n\n    <div class=\"xs_social_share_widget xs_share_url after_content \t\tmain_content  wslu-style-1 wslu-share-box-shaped wslu-fill-colored wslu-none wslu-share-horizontal wslu-theme-font-no wslu-main_content\">\n\n\t\t\n        <ul>\n\t\t\t        <\/ul>\n    <\/div> \n","protected":false},"excerpt":{"rendered":"<p>Dies ist eine Beispielseite. Sie unterscheidet sich von einem Blogbeitrag, weil sie an einem Ort bleibt und in der Navigation Ihrer Website angezeigt wird (in den meisten Themes). Die meisten Menschen beginnen mit einer \u00dcber-Seite, auf der sie sich potenziellen Besuchern der Website vorstellen. Sie k\u00f6nnte etwa so lauten: Hallo zusammen! Tags\u00fcber bin ich Fahrradkurier, [&hellip;]<\/p>\n","protected":false},"author":1,"featured_media":0,"parent":0,"menu_order":0,"comment_status":"closed","ping_status":"open","template":"","meta":{"_monsterinsights_skip_tracking":false,"_monsterinsights_sitenote_active":false,"_monsterinsights_sitenote_note":"","_monsterinsights_sitenote_category":0,"postBodyCss":"","postBodyMargin":[],"postBodyPadding":[],"postBodyBackground":{"backgroundType":"classic","gradient":""},"footnotes":""},"class_list":["post-1474","page","type-page","status-publish","hentry"],"yoast_head":"<!-- This site is optimized with the Yoast SEO plugin v25.6 - https:\/\/yoast.com\/wordpress\/plugins\/seo\/ -->\n<title>Beispielseite - Hotel Cocoon<\/title>\n<meta name=\"robots\" content=\"index, follow, max-snippet:-1, max-image-preview:large, max-video-preview:-1\" \/>\n<link rel=\"canonical\" href=\"https:\/\/www.hotelcocoon.be\/de\/beispielseite\/\" \/>\n<meta property=\"og:locale\" content=\"de_DE\" \/>\n<meta property=\"og:type\" content=\"article\" \/>\n<meta property=\"og:title\" content=\"Beispielseite - Hotel Cocoon\" \/>\n<meta property=\"og:description\" content=\"Dies ist eine Beispielseite. Sie unterscheidet sich von einem Blogbeitrag, weil sie an einem Ort bleibt und in der Navigation Ihrer Website angezeigt wird (in den meisten Themes). Die meisten Menschen beginnen mit einer \u00dcber-Seite, auf der sie sich potenziellen Besuchern der Website vorstellen. Sie k\u00f6nnte etwa so lauten: Hallo zusammen! Tags\u00fcber bin ich Fahrradkurier, [&hellip;]\" \/>\n<meta property=\"og:url\" content=\"https:\/\/www.hotelcocoon.be\/de\/beispielseite\/\" \/>\n<meta property=\"og:site_name\" content=\"Hotel Cocoon\" \/>\n<meta property=\"article:modified_time\" content=\"2025-03-26T09:37:48+00:00\" \/>\n<meta name=\"twitter:card\" content=\"summary_large_image\" \/>\n<meta name=\"twitter:label1\" content=\"Gesch\u00e4tzte Lesezeit\" \/>\n\t<meta name=\"twitter:data1\" content=\"1\u00a0Minute\" \/>\n<script type=\"application\/ld+json\" class=\"yoast-schema-graph\">{\"@context\":\"https:\/\/schema.org\",\"@graph\":[{\"@type\":\"WebPage\",\"@id\":\"https:\/\/www.hotelcocoon.be\/de\/beispielseite\/\",\"url\":\"https:\/\/www.hotelcocoon.be\/de\/beispielseite\/\",\"name\":\"Beispielseite - Hotel Cocoon\",\"isPartOf\":{\"@id\":\"https:\/\/www.hotelcocoon.be\/de\/#website\"},\"datePublished\":\"2025-02-11T09:27:28+00:00\",\"dateModified\":\"2025-03-26T09:37:48+00:00\",\"breadcrumb\":{\"@id\":\"https:\/\/www.hotelcocoon.be\/de\/beispielseite\/#breadcrumb\"},\"inLanguage\":\"de\",\"potentialAction\":[{\"@type\":\"ReadAction\",\"target\":[\"https:\/\/www.hotelcocoon.be\/de\/beispielseite\/\"]}]},{\"@type\":\"BreadcrumbList\",\"@id\":\"https:\/\/www.hotelcocoon.be\/de\/beispielseite\/#breadcrumb\",\"itemListElement\":[{\"@type\":\"ListItem\",\"position\":1,\"name\":\"Startseite\",\"item\":\"https:\/\/www.hotelcocoon.be\/de\/\"},{\"@type\":\"ListItem\",\"position\":2,\"name\":\"Beispielseite\"}]},{\"@type\":\"WebSite\",\"@id\":\"https:\/\/www.hotelcocoon.be\/de\/#website\",\"url\":\"https:\/\/www.hotelcocoon.be\/de\/\",\"name\":\"Hotel Cocoon\",\"description\":\"\",\"publisher\":{\"@id\":\"https:\/\/www.hotelcocoon.be\/de\/#organization\"},\"potentialAction\":[{\"@type\":\"SearchAction\",\"target\":{\"@type\":\"EntryPoint\",\"urlTemplate\":\"https:\/\/www.hotelcocoon.be\/de\/?s={search_term_string}\"},\"query-input\":{\"@type\":\"PropertyValueSpecification\",\"valueRequired\":true,\"valueName\":\"search_term_string\"}}],\"inLanguage\":\"de\"},{\"@type\":\"Organization\",\"@id\":\"https:\/\/www.hotelcocoon.be\/de\/#organization\",\"name\":\"Hotel Cocoon\",\"url\":\"https:\/\/www.hotelcocoon.be\/de\/\",\"logo\":{\"@type\":\"ImageObject\",\"inLanguage\":\"de\",\"@id\":\"https:\/\/www.hotelcocoon.be\/de\/#\/schema\/logo\/image\/\",\"url\":\"https:\/\/www.hotelcocoon.be\/wp-content\/uploads\/2025\/07\/cropped-Artboard-1-1.png\",\"contentUrl\":\"https:\/\/www.hotelcocoon.be\/wp-content\/uploads\/2025\/07\/cropped-Artboard-1-1.png\",\"width\":376,\"height\":130,\"caption\":\"Hotel Cocoon\"},\"image\":{\"@id\":\"https:\/\/www.hotelcocoon.be\/de\/#\/schema\/logo\/image\/\"}}]}<\/script>\n<!-- \/ Yoast SEO plugin. -->","yoast_head_json":{"title":"Beispielseite - Hotel Cocoon","robots":{"index":"index","follow":"follow","max-snippet":"max-snippet:-1","max-image-preview":"max-image-preview:large","max-video-preview":"max-video-preview:-1"},"canonical":"https:\/\/www.hotelcocoon.be\/de\/beispielseite\/","og_locale":"de_DE","og_type":"article","og_title":"Beispielseite - Hotel Cocoon","og_description":"Dies ist eine Beispielseite. Sie unterscheidet sich von einem Blogbeitrag, weil sie an einem Ort bleibt und in der Navigation Ihrer Website angezeigt wird (in den meisten Themes). Die meisten Menschen beginnen mit einer \u00dcber-Seite, auf der sie sich potenziellen Besuchern der Website vorstellen. Sie k\u00f6nnte etwa so lauten: Hallo zusammen! Tags\u00fcber bin ich Fahrradkurier, [&hellip;]","og_url":"https:\/\/www.hotelcocoon.be\/de\/beispielseite\/","og_site_name":"Hotel Cocoon","article_modified_time":"2025-03-26T09:37:48+00:00","twitter_card":"summary_large_image","twitter_misc":{"Gesch\u00e4tzte Lesezeit":"1\u00a0Minute"},"schema":{"@context":"https:\/\/schema.org","@graph":[{"@type":"WebPage","@id":"https:\/\/www.hotelcocoon.be\/de\/beispielseite\/","url":"https:\/\/www.hotelcocoon.be\/de\/beispielseite\/","name":"Beispielseite - Hotel Cocoon","isPartOf":{"@id":"https:\/\/www.hotelcocoon.be\/de\/#website"},"datePublished":"2025-02-11T09:27:28+00:00","dateModified":"2025-03-26T09:37:48+00:00","breadcrumb":{"@id":"https:\/\/www.hotelcocoon.be\/de\/beispielseite\/#breadcrumb"},"inLanguage":"de","potentialAction":[{"@type":"ReadAction","target":["https:\/\/www.hotelcocoon.be\/de\/beispielseite\/"]}]},{"@type":"BreadcrumbList","@id":"https:\/\/www.hotelcocoon.be\/de\/beispielseite\/#breadcrumb","itemListElement":[{"@type":"ListItem","position":1,"name":"Startseite","item":"https:\/\/www.hotelcocoon.be\/de\/"},{"@type":"ListItem","position":2,"name":"Beispielseite"}]},{"@type":"WebSite","@id":"https:\/\/www.hotelcocoon.be\/de\/#website","url":"https:\/\/www.hotelcocoon.be\/de\/","name":"Hotel Cocoon","description":"","publisher":{"@id":"https:\/\/www.hotelcocoon.be\/de\/#organization"},"potentialAction":[{"@type":"SearchAction","target":{"@type":"EntryPoint","urlTemplate":"https:\/\/www.hotelcocoon.be\/de\/?s={search_term_string}"},"query-input":{"@type":"PropertyValueSpecification","valueRequired":true,"valueName":"search_term_string"}}],"inLanguage":"de"},{"@type":"Organization","@id":"https:\/\/www.hotelcocoon.be\/de\/#organization","name":"Hotel Cocoon","url":"https:\/\/www.hotelcocoon.be\/de\/","logo":{"@type":"ImageObject","inLanguage":"de","@id":"https:\/\/www.hotelcocoon.be\/de\/#\/schema\/logo\/image\/","url":"https:\/\/www.hotelcocoon.be\/wp-content\/uploads\/2025\/07\/cropped-Artboard-1-1.png","contentUrl":"https:\/\/www.hotelcocoon.be\/wp-content\/uploads\/2025\/07\/cropped-Artboard-1-1.png","width":376,"height":130,"caption":"Hotel Cocoon"},"image":{"@id":"https:\/\/www.hotelcocoon.be\/de\/#\/schema\/logo\/image\/"}}]}},"_links":{"self":[{"href":"https:\/\/www.hotelcocoon.be\/de\/wp-json\/wp\/v2\/pages\/1474","targetHints":{"allow":["GET"]}}],"collection":[{"href":"https:\/\/www.hotelcocoon.be\/de\/wp-json\/wp\/v2\/pages"}],"about":[{"href":"https:\/\/www.hotelcocoon.be\/de\/wp-json\/wp\/v2\/types\/page"}],"author":[{"embeddable":true,"href":"https:\/\/www.hotelcocoon.be\/de\/wp-json\/wp\/v2\/users\/1"}],"replies":[{"embeddable":true,"href":"https:\/\/www.hotelcocoon.be\/de\/wp-json\/wp\/v2\/comments?post=1474"}],"version-history":[{"count":2,"href":"https:\/\/www.hotelcocoon.be\/de\/wp-json\/wp\/v2\/pages\/1474\/revisions"}],"predecessor-version":[{"id":1477,"href":"https:\/\/www.hotelcocoon.be\/de\/wp-json\/wp\/v2\/pages\/1474\/revisions\/1477"}],"wp:attachment":[{"href":"https:\/\/www.hotelcocoon.be\/de\/wp-json\/wp\/v2\/media?parent=1474"}],"curies":[{"name":"wp","href":"https:\/\/api.w.org\/{rel}","templated":true}]}}