{"id":1505,"date":"2025-02-14T15:14:36","date_gmt":"2025-02-14T15:14:36","guid":{"rendered":"https:\/\/hotelcocoon.korulo.be\/umgebungen\/"},"modified":"2025-07-15T16:35:11","modified_gmt":"2025-07-15T16:35:11","slug":"umgebungen","status":"publish","type":"page","link":"https:\/\/www.hotelcocoon.be\/de\/umgebungen\/","title":{"rendered":"Die Umgebung"},"content":{"rendered":"\t\t<div data-elementor-type=\"wp-page\" data-elementor-id=\"1505\" class=\"elementor elementor-1505 elementor-159\">\n\t\t\t\t<section class=\"elementor-element elementor-element-592a64b2 e-flex e-con-boxed elementor-invisible e-con e-parent\" data-id=\"592a64b2\" data-element_type=\"container\" data-settings=\"{&quot;background_background&quot;:&quot;classic&quot;,&quot;animation&quot;:&quot;fadeIn&quot;}\">\n\t\t\t\t\t<div class=\"e-con-inner\">\n\t\t<div class=\"elementor-element elementor-element-4c12a9e7 e-con-full e-flex e-con e-child\" data-id=\"4c12a9e7\" data-element_type=\"container\">\n\t\t\t\t<div class=\"elementor-element elementor-element-4a8877a5 elementor-invisible elementor-widget elementor-widget-heading\" data-id=\"4a8877a5\" data-element_type=\"widget\" data-settings=\"{&quot;_animation&quot;:&quot;fadeInUp&quot;}\" data-widget_type=\"heading.default\">\n\t\t\t\t<div class=\"elementor-widget-container\">\n\t\t\t\t\t<h1 class=\"elementor-heading-title elementor-size-default\">Die Umgebung<\/h1>\t\t\t\t<\/div>\n\t\t\t\t<\/div>\n\t\t<div class=\"elementor-element elementor-element-2c6426b2 e-con-full e-flex e-con e-child\" data-id=\"2c6426b2\" data-element_type=\"container\">\n\t\t\t\t<div class=\"elementor-element elementor-element-6c882a4a elementor-widget__width-initial elementor-widget-mobile__width-inherit elementor-invisible elementor-widget elementor-widget-text-editor\" data-id=\"6c882a4a\" data-element_type=\"widget\" data-settings=\"{&quot;_animation&quot;:&quot;fadeInUp&quot;}\" data-widget_type=\"text-editor.default\">\n\t\t\t\t<div class=\"elementor-widget-container\">\n\t\t\t\t\t\t\t\t\t<p class=\"p1\">Das Hotel Cocoon <b>befindet sich in zentraler Lage in Ostende<\/b>, nur wenige Gehminuten von allem entfernt, was diese lebendige Stadt zu bieten hat. Genie\u00dfen Sie die <b>bequemen Parkm\u00f6glichkeiten<\/b> direkt am Hotel, damit Sie sorglos ein- und auschecken und die Stadt in vollen Z\u00fcgen genie\u00dfen k\u00f6nnen.   <br><br>Ganz gleich, ob Sie gesch\u00e4ftlich oder privat hierher kommen, die Lage bietet Ihnen alles, was Sie brauchen, in unmittelbarer N\u00e4he.<\/p>\t\t\t\t\t\t\t\t<\/div>\n\t\t\t\t<\/div>\n\t\t\t\t<div class=\"elementor-element elementor-element-3a4110d1 elementor-align-right elementor-widget__width-initial elementor-widget-mobile__width-inherit elementor-mobile-align-left distributor-open elementor-invisible elementor-widget elementor-widget-button\" data-id=\"3a4110d1\" data-element_type=\"widget\" data-settings=\"{&quot;_animation&quot;:&quot;fadeInUp&quot;,&quot;_animation_delay&quot;:&quot;200&quot;}\" data-widget_type=\"button.default\">\n\t\t\t\t<div class=\"elementor-widget-container\">\n\t\t\t\t\t\t\t\t\t<div class=\"elementor-button-wrapper\">\n\t\t\t\t\t<a class=\"elementor-button elementor-button-link elementor-size-sm\" href=\"#\">\n\t\t\t\t\t\t<span class=\"elementor-button-content-wrapper\">\n\t\t\t\t\t\t\t\t\t<span class=\"elementor-button-text\">Jetzt buchen<\/span>\n\t\t\t\t\t<\/span>\n\t\t\t\t\t<\/a>\n\t\t\t\t<\/div>\n\t\t\t\t\t\t\t\t<\/div>\n\t\t\t\t<\/div>\n\t\t\t\t<\/div>\n\t\t\t\t<\/div>\n\t\t\t\t\t<\/div>\n\t\t\t\t<\/section>\n\t\t<main class=\"elementor-element elementor-element-5dcc8665 e-flex e-con-boxed e-con e-parent\" data-id=\"5dcc8665\" data-element_type=\"container\">\n\t\t\t\t\t<div class=\"e-con-inner\">\n\t\t<div class=\"elementor-element elementor-element-2cc9613 e-con-full e-flex e-con e-child\" data-id=\"2cc9613\" data-element_type=\"container\">\n\t\t\t\t<div class=\"elementor-element elementor-element-5139efb2 elementor-widget__width-initial elementor-invisible elementor-widget elementor-widget-heading\" data-id=\"5139efb2\" data-element_type=\"widget\" data-settings=\"{&quot;_animation&quot;:&quot;fadeInUp&quot;}\" data-widget_type=\"heading.default\">\n\t\t\t\t<div class=\"elementor-widget-container\">\n\t\t\t\t\t<h2 class=\"elementor-heading-title elementor-size-default\">Die Umgebung des Hotel Cocoon Ostende<\/h2>\t\t\t\t<\/div>\n\t\t\t\t<\/div>\n\t\t\t\t<div class=\"elementor-element elementor-element-7abbcf6 elementor-widget__width-initial elementor-invisible elementor-widget elementor-widget-heading\" data-id=\"7abbcf6\" data-element_type=\"widget\" data-settings=\"{&quot;_animation&quot;:&quot;fadeInUp&quot;}\" data-widget_type=\"heading.default\">\n\t\t\t\t<div class=\"elementor-widget-container\">\n\t\t\t\t\t<h3 class=\"elementor-heading-title elementor-size-default\">Erleben Sie die perfekte Kombination aus Entspannung, Kultur und Abenteuer in Ostende. <\/h3>\t\t\t\t<\/div>\n\t\t\t\t<\/div>\n\t\t<div class=\"elementor-element elementor-element-39dc3087 e-con-full e-flex e-con e-child\" data-id=\"39dc3087\" data-element_type=\"container\">\n\t\t<div class=\"elementor-element elementor-element-783668 e-con-full e-flex elementor-invisible e-con e-child\" data-id=\"783668\" data-element_type=\"container\" data-settings=\"{&quot;background_background&quot;:&quot;classic&quot;,&quot;animation&quot;:&quot;fadeInUp&quot;}\">\n\t\t\t\t<div class=\"elementor-element elementor-element-10b54d09 ekit-equal-height-disable elementor-widget elementor-widget-elementskit-image-box\" data-id=\"10b54d09\" data-element_type=\"widget\" data-widget_type=\"elementskit-image-box.default\">\n\t\t\t\t<div class=\"elementor-widget-container\">\n\t\t\t\t\t<div class=\"ekit-wid-con\" >\n            <div class=\"elementskit-info-image-box ekit-image-box text-left simple-card\" >\n\n                \n                <div class=\"elementskit-box-header image-box-img-left\">\n\n                    \n                <\/div>\n                \n                <div class=\"elementskit-box-body ekit-image-box-body\">\n                    <div class=\"elementskit-box-content ekit-image-box-body-inner\">\n                                                <h5 class=\"elementskit-info-box-title\">\n\n                        EINKAUFEN IN OSTEND\n                        \n                    <\/h5>\n                                                            <div class=\"elementskit-box-style-content\">\n                        Ostende ist ein hervorragendes Reiseziel f\u00fcr <b>Shopaholics<\/b>. Die Stadt bietet eine gro\u00dfe Auswahl an <b>Modegesch\u00e4ften, Boutiquen und gro\u00dfen Einzelhandelsketten<\/b> in der N\u00e4he des Hotels. Die Einkaufsstra\u00dfen wie die <b>Kapellestraat<\/b>, die <b> deVlaanderenstraat und die Adolf Buylstraat<\/b> eignen sich perfekt f\u00fcr einen Shoppingtag. Lassen Sie den Tag gesellig in unserer Bar ausklingen! Genie\u00dfen Sie erfrischende Getr\u00e4nke, k\u00f6stliche Snacks und eine entspannte Atmosph\u00e4re.                        <\/div>\n                                    <\/div>\n\n                            <\/div>\n            <\/div>\n    <\/div>\t\t\t\t<\/div>\n\t\t\t\t<\/div>\n\t\t\t\t<\/div>\n\t\t<div class=\"elementor-element elementor-element-508daa14 e-con-full e-flex elementor-invisible e-con e-child\" data-id=\"508daa14\" data-element_type=\"container\" data-settings=\"{&quot;background_background&quot;:&quot;classic&quot;,&quot;animation&quot;:&quot;fadeInUp&quot;,&quot;animation_delay&quot;:&quot;200&quot;}\">\n\t\t\t\t<div class=\"elementor-element elementor-element-318409e8 ekit-equal-height-disable elementor-widget elementor-widget-elementskit-image-box\" data-id=\"318409e8\" data-element_type=\"widget\" data-widget_type=\"elementskit-image-box.default\">\n\t\t\t\t<div class=\"elementor-widget-container\">\n\t\t\t\t\t<div class=\"ekit-wid-con\" >\n            <div class=\"elementskit-info-image-box ekit-image-box text-left simple-card\" >\n\n                \n                <div class=\"elementskit-box-header image-box-img-left\">\n\n                    \n                <\/div>\n                \n                <div class=\"elementskit-box-body ekit-image-box-body\">\n                    <div class=\"elementskit-box-content ekit-image-box-body-inner\">\n                                                <h5 class=\"elementskit-info-box-title\">\n\n                        IN DER N\u00c4HE DES STRANDES\n                        \n                    <\/h5>\n                                                            <div class=\"elementskit-box-style-content\">\n                        Nur wenige Minuten vom Hotel Cocoon entfernt liegt der <b>sch\u00f6ne Strand von Ostende<\/b>. Genie\u00dfen Sie lange Spazierg\u00e4nge am Meer oder entspannende Momente in der Sonne. Die <b>Meeresbrise<\/b> und der Blick auf den <b>unverwechselbaren Horizont<\/b> bieten die perfekte Flucht aus dem Alltag. Der Strand ist ein idealer Ort, um zu entspannen, ein Buch zu lesen oder einfach die Natur zu genie\u00dfen.                       <\/div>\n                                    <\/div>\n\n                            <\/div>\n            <\/div>\n    <\/div>\t\t\t\t<\/div>\n\t\t\t\t<\/div>\n\t\t\t\t<\/div>\n\t\t\t\t<\/div>\n\t\t<div class=\"elementor-element elementor-element-475107c1 e-con-full e-flex e-con e-child\" data-id=\"475107c1\" data-element_type=\"container\">\n\t\t<div class=\"elementor-element elementor-element-395cd0a4 e-con-full e-flex elementor-invisible e-con e-child\" data-id=\"395cd0a4\" data-element_type=\"container\" data-settings=\"{&quot;background_background&quot;:&quot;classic&quot;,&quot;animation&quot;:&quot;fadeInUp&quot;}\">\n\t\t\t\t<div class=\"elementor-element elementor-element-30f3668d ekit-equal-height-disable elementor-widget elementor-widget-elementskit-image-box\" data-id=\"30f3668d\" data-element_type=\"widget\" data-widget_type=\"elementskit-image-box.default\">\n\t\t\t\t<div class=\"elementor-widget-container\">\n\t\t\t\t\t<div class=\"ekit-wid-con\" >\n            <div class=\"elementskit-info-image-box ekit-image-box text-left simple-card\" >\n\n                \n                <div class=\"elementskit-box-header image-box-img-left\">\n\n                    \n                <\/div>\n                \n                <div class=\"elementskit-box-body ekit-image-box-body\">\n                    <div class=\"elementskit-box-content ekit-image-box-body-inner\">\n                                                <h5 class=\"elementskit-info-box-title\">\n\n                        Touristische Hotspots in Ostende\n                        \n                    <\/h5>\n                                                            <div class=\"elementskit-box-style-content\">\n                        Ostende hat eine reiche Geschichte und bietet viele <b>touristische Hotspots <\/b>, die definitiv einen Besuch wert sind. Besuchen Sie das <b>Atlantic Wall Riverside<\/b>, ein beeindruckendes Museum, das die Geschichte des Zweiten Weltkriegs erz\u00e4hlt. Das <b>Ensor-Haus<\/b> ist ein Muss f\u00fcr Kunstliebhaber, w\u00e4hrend im kultigen <b>Kursaal Ostende<\/b> regelm\u00e4\u00dfig <b>Veranstaltungen und Konzerte<\/b> stattfinden.  \n<br><br>Ein Besuch auf der <b>Mercator<\/b>, dem legend\u00e4ren Schiff, das heute ein Museum ist, ist ebenfalls ein einzigartiges Erlebnis. Die <b>Albert 1 Promenade<\/b>, eine bezaubernde Strandpromenade, bietet sch\u00f6ne Aussichten und ist ideal f\u00fcr einen gem\u00fctlichen Spaziergang. Ob Sie Kultur, Geschichte oder Natur m\u00f6gen, Ostende hat f\u00fcr jeden etwas zu bieten.                      <\/div>\n                                    <\/div>\n\n                            <\/div>\n            <\/div>\n    <\/div>\t\t\t\t<\/div>\n\t\t\t\t<\/div>\n\t\t\t\t<\/div>\n\t\t\t\t<\/div>\n\t\t\t\t<\/div>\n\t\t\t\t\t<\/div>\n\t\t\t\t<\/main>\n\t\t\t\t<\/div>\n\t\t\n    <div class=\"xs_social_share_widget xs_share_url after_content \t\tmain_content  wslu-style-1 wslu-share-box-shaped wslu-fill-colored wslu-none wslu-share-horizontal wslu-theme-font-no wslu-main_content\">\n\n\t\t\n        <ul>\n\t\t\t        <\/ul>\n    <\/div> \n","protected":false},"excerpt":{"rendered":"<p>Die Umgebung Das Hotel Cocoon befindet sich in zentraler Lage in Ostende, nur wenige Gehminuten von allem entfernt, was diese lebendige Stadt zu bieten hat. Genie\u00dfen Sie die bequemen Parkm\u00f6glichkeiten direkt am Hotel, damit Sie sorglos ein- und auschecken und die Stadt in vollen Z\u00fcgen genie\u00dfen k\u00f6nnen. Ganz gleich, ob Sie gesch\u00e4ftlich oder privat hierher [&hellip;]<\/p>\n","protected":false},"author":1,"featured_media":0,"parent":0,"menu_order":0,"comment_status":"closed","ping_status":"closed","template":"elementor_header_footer","meta":{"_monsterinsights_skip_tracking":false,"_monsterinsights_sitenote_active":false,"_monsterinsights_sitenote_note":"","_monsterinsights_sitenote_category":0,"postBodyCss":"","postBodyMargin":[],"postBodyPadding":[],"postBodyBackground":{"backgroundType":"classic","gradient":""},"footnotes":""},"class_list":["post-1505","page","type-page","status-publish","hentry"],"yoast_head":"<!-- This site is optimized with the Yoast SEO plugin v25.6 - https:\/\/yoast.com\/wordpress\/plugins\/seo\/ -->\n<title>Die Umgebung - Hotel Cocoon<\/title>\n<meta name=\"description\" content=\"Das Hotel Cocoon befindet sich in zentraler Lage in Ostende, nur wenige Gehminuten von allem entfernt, was diese lebendige Stadt zu bieten hat. Ganz gleich, ob Sie gesch\u00e4ftlich oder privat hierher kommen, die Lage bietet Ihnen alles, was Sie brauchen, in unmittelbarer N\u00e4he.\" \/>\n<meta name=\"robots\" content=\"index, follow, max-snippet:-1, max-image-preview:large, max-video-preview:-1\" \/>\n<link rel=\"canonical\" href=\"https:\/\/www.hotelcocoon.be\/de\/umgebungen\/\" \/>\n<meta property=\"og:locale\" content=\"de_DE\" \/>\n<meta property=\"og:type\" content=\"article\" \/>\n<meta property=\"og:title\" content=\"Die Umgebung - Hotel Cocoon\" \/>\n<meta property=\"og:description\" content=\"Das Hotel Cocoon befindet sich in zentraler Lage in Ostende, nur wenige Gehminuten von allem entfernt, was diese lebendige Stadt zu bieten hat. Ganz gleich, ob Sie gesch\u00e4ftlich oder privat hierher kommen, die Lage bietet Ihnen alles, was Sie brauchen, in unmittelbarer N\u00e4he.\" \/>\n<meta property=\"og:url\" content=\"https:\/\/www.hotelcocoon.be\/de\/umgebungen\/\" \/>\n<meta property=\"og:site_name\" content=\"Hotel Cocoon\" \/>\n<meta property=\"article:modified_time\" content=\"2025-07-15T16:35:11+00:00\" \/>\n<meta name=\"twitter:card\" content=\"summary_large_image\" \/>\n<meta name=\"twitter:label1\" content=\"Gesch\u00e4tzte Lesezeit\" \/>\n\t<meta name=\"twitter:data1\" content=\"2 Minuten\" \/>\n<script type=\"application\/ld+json\" class=\"yoast-schema-graph\">{\"@context\":\"https:\/\/schema.org\",\"@graph\":[{\"@type\":\"WebPage\",\"@id\":\"https:\/\/www.hotelcocoon.be\/de\/umgebungen\/\",\"url\":\"https:\/\/www.hotelcocoon.be\/de\/umgebungen\/\",\"name\":\"Die Umgebung - Hotel Cocoon\",\"isPartOf\":{\"@id\":\"https:\/\/www.hotelcocoon.be\/de\/#website\"},\"datePublished\":\"2025-02-14T15:14:36+00:00\",\"dateModified\":\"2025-07-15T16:35:11+00:00\",\"description\":\"Das Hotel Cocoon befindet sich in zentraler Lage in Ostende, nur wenige Gehminuten von allem entfernt, was diese lebendige Stadt zu bieten hat. Ganz gleich, ob Sie gesch\u00e4ftlich oder privat hierher kommen, die Lage bietet Ihnen alles, was Sie brauchen, in unmittelbarer N\u00e4he.\",\"breadcrumb\":{\"@id\":\"https:\/\/www.hotelcocoon.be\/de\/umgebungen\/#breadcrumb\"},\"inLanguage\":\"de\",\"potentialAction\":[{\"@type\":\"ReadAction\",\"target\":[\"https:\/\/www.hotelcocoon.be\/de\/umgebungen\/\"]}]},{\"@type\":\"BreadcrumbList\",\"@id\":\"https:\/\/www.hotelcocoon.be\/de\/umgebungen\/#breadcrumb\",\"itemListElement\":[{\"@type\":\"ListItem\",\"position\":1,\"name\":\"Startseite\",\"item\":\"https:\/\/www.hotelcocoon.be\/de\/\"},{\"@type\":\"ListItem\",\"position\":2,\"name\":\"Die Umgebung\"}]},{\"@type\":\"WebSite\",\"@id\":\"https:\/\/www.hotelcocoon.be\/de\/#website\",\"url\":\"https:\/\/www.hotelcocoon.be\/de\/\",\"name\":\"Hotel Cocoon\",\"description\":\"\",\"publisher\":{\"@id\":\"https:\/\/www.hotelcocoon.be\/de\/#organization\"},\"potentialAction\":[{\"@type\":\"SearchAction\",\"target\":{\"@type\":\"EntryPoint\",\"urlTemplate\":\"https:\/\/www.hotelcocoon.be\/de\/?s={search_term_string}\"},\"query-input\":{\"@type\":\"PropertyValueSpecification\",\"valueRequired\":true,\"valueName\":\"search_term_string\"}}],\"inLanguage\":\"de\"},{\"@type\":\"Organization\",\"@id\":\"https:\/\/www.hotelcocoon.be\/de\/#organization\",\"name\":\"Hotel Cocoon\",\"url\":\"https:\/\/www.hotelcocoon.be\/de\/\",\"logo\":{\"@type\":\"ImageObject\",\"inLanguage\":\"de\",\"@id\":\"https:\/\/www.hotelcocoon.be\/de\/#\/schema\/logo\/image\/\",\"url\":\"https:\/\/www.hotelcocoon.be\/wp-content\/uploads\/2025\/07\/cropped-Artboard-1-1.png\",\"contentUrl\":\"https:\/\/www.hotelcocoon.be\/wp-content\/uploads\/2025\/07\/cropped-Artboard-1-1.png\",\"width\":376,\"height\":130,\"caption\":\"Hotel Cocoon\"},\"image\":{\"@id\":\"https:\/\/www.hotelcocoon.be\/de\/#\/schema\/logo\/image\/\"}}]}<\/script>\n<!-- \/ Yoast SEO plugin. -->","yoast_head_json":{"title":"Die Umgebung - Hotel Cocoon","description":"Das Hotel Cocoon befindet sich in zentraler Lage in Ostende, nur wenige Gehminuten von allem entfernt, was diese lebendige Stadt zu bieten hat. Ganz gleich, ob Sie gesch\u00e4ftlich oder privat hierher kommen, die Lage bietet Ihnen alles, was Sie brauchen, in unmittelbarer N\u00e4he.","robots":{"index":"index","follow":"follow","max-snippet":"max-snippet:-1","max-image-preview":"max-image-preview:large","max-video-preview":"max-video-preview:-1"},"canonical":"https:\/\/www.hotelcocoon.be\/de\/umgebungen\/","og_locale":"de_DE","og_type":"article","og_title":"Die Umgebung - Hotel Cocoon","og_description":"Das Hotel Cocoon befindet sich in zentraler Lage in Ostende, nur wenige Gehminuten von allem entfernt, was diese lebendige Stadt zu bieten hat. Ganz gleich, ob Sie gesch\u00e4ftlich oder privat hierher kommen, die Lage bietet Ihnen alles, was Sie brauchen, in unmittelbarer N\u00e4he.","og_url":"https:\/\/www.hotelcocoon.be\/de\/umgebungen\/","og_site_name":"Hotel Cocoon","article_modified_time":"2025-07-15T16:35:11+00:00","twitter_card":"summary_large_image","twitter_misc":{"Gesch\u00e4tzte Lesezeit":"2 Minuten"},"schema":{"@context":"https:\/\/schema.org","@graph":[{"@type":"WebPage","@id":"https:\/\/www.hotelcocoon.be\/de\/umgebungen\/","url":"https:\/\/www.hotelcocoon.be\/de\/umgebungen\/","name":"Die Umgebung - Hotel Cocoon","isPartOf":{"@id":"https:\/\/www.hotelcocoon.be\/de\/#website"},"datePublished":"2025-02-14T15:14:36+00:00","dateModified":"2025-07-15T16:35:11+00:00","description":"Das Hotel Cocoon befindet sich in zentraler Lage in Ostende, nur wenige Gehminuten von allem entfernt, was diese lebendige Stadt zu bieten hat. Ganz gleich, ob Sie gesch\u00e4ftlich oder privat hierher kommen, die Lage bietet Ihnen alles, was Sie brauchen, in unmittelbarer N\u00e4he.","breadcrumb":{"@id":"https:\/\/www.hotelcocoon.be\/de\/umgebungen\/#breadcrumb"},"inLanguage":"de","potentialAction":[{"@type":"ReadAction","target":["https:\/\/www.hotelcocoon.be\/de\/umgebungen\/"]}]},{"@type":"BreadcrumbList","@id":"https:\/\/www.hotelcocoon.be\/de\/umgebungen\/#breadcrumb","itemListElement":[{"@type":"ListItem","position":1,"name":"Startseite","item":"https:\/\/www.hotelcocoon.be\/de\/"},{"@type":"ListItem","position":2,"name":"Die Umgebung"}]},{"@type":"WebSite","@id":"https:\/\/www.hotelcocoon.be\/de\/#website","url":"https:\/\/www.hotelcocoon.be\/de\/","name":"Hotel Cocoon","description":"","publisher":{"@id":"https:\/\/www.hotelcocoon.be\/de\/#organization"},"potentialAction":[{"@type":"SearchAction","target":{"@type":"EntryPoint","urlTemplate":"https:\/\/www.hotelcocoon.be\/de\/?s={search_term_string}"},"query-input":{"@type":"PropertyValueSpecification","valueRequired":true,"valueName":"search_term_string"}}],"inLanguage":"de"},{"@type":"Organization","@id":"https:\/\/www.hotelcocoon.be\/de\/#organization","name":"Hotel Cocoon","url":"https:\/\/www.hotelcocoon.be\/de\/","logo":{"@type":"ImageObject","inLanguage":"de","@id":"https:\/\/www.hotelcocoon.be\/de\/#\/schema\/logo\/image\/","url":"https:\/\/www.hotelcocoon.be\/wp-content\/uploads\/2025\/07\/cropped-Artboard-1-1.png","contentUrl":"https:\/\/www.hotelcocoon.be\/wp-content\/uploads\/2025\/07\/cropped-Artboard-1-1.png","width":376,"height":130,"caption":"Hotel Cocoon"},"image":{"@id":"https:\/\/www.hotelcocoon.be\/de\/#\/schema\/logo\/image\/"}}]}},"_links":{"self":[{"href":"https:\/\/www.hotelcocoon.be\/de\/wp-json\/wp\/v2\/pages\/1505","targetHints":{"allow":["GET"]}}],"collection":[{"href":"https:\/\/www.hotelcocoon.be\/de\/wp-json\/wp\/v2\/pages"}],"about":[{"href":"https:\/\/www.hotelcocoon.be\/de\/wp-json\/wp\/v2\/types\/page"}],"author":[{"embeddable":true,"href":"https:\/\/www.hotelcocoon.be\/de\/wp-json\/wp\/v2\/users\/1"}],"replies":[{"embeddable":true,"href":"https:\/\/www.hotelcocoon.be\/de\/wp-json\/wp\/v2\/comments?post=1505"}],"version-history":[{"count":4,"href":"https:\/\/www.hotelcocoon.be\/de\/wp-json\/wp\/v2\/pages\/1505\/revisions"}],"predecessor-version":[{"id":1689,"href":"https:\/\/www.hotelcocoon.be\/de\/wp-json\/wp\/v2\/pages\/1505\/revisions\/1689"}],"wp:attachment":[{"href":"https:\/\/www.hotelcocoon.be\/de\/wp-json\/wp\/v2\/media?parent=1505"}],"curies":[{"name":"wp","href":"https:\/\/api.w.org\/{rel}","templated":true}]}}