{"id":1524,"date":"2025-02-17T14:28:45","date_gmt":"2025-02-17T14:28:45","guid":{"rendered":"https:\/\/hotelcocoon.korulo.be\/datenschutzbestimmungen\/"},"modified":"2025-07-15T16:55:09","modified_gmt":"2025-07-15T16:55:09","slug":"datenschutzbestimmungen","status":"publish","type":"page","link":"https:\/\/www.hotelcocoon.be\/de\/datenschutzbestimmungen\/","title":{"rendered":"Datenschutzbestimmungen"},"content":{"rendered":"\t\t<div data-elementor-type=\"wp-page\" data-elementor-id=\"1524\" class=\"elementor elementor-1524 elementor-437\">\n\t\t\t\t<section class=\"elementor-element elementor-element-16908f1 e-flex e-con-boxed e-con e-parent\" data-id=\"16908f1\" data-element_type=\"container\">\n\t\t\t\t\t<div class=\"e-con-inner\">\n\t\t<div class=\"elementor-element elementor-element-1e16277 e-con-full e-flex e-con e-child\" data-id=\"1e16277\" data-element_type=\"container\">\n\t\t\t\t<div class=\"elementor-element elementor-element-36f566a elementor-widget elementor-widget-heading\" data-id=\"36f566a\" data-element_type=\"widget\" data-widget_type=\"heading.default\">\n\t\t\t\t<div class=\"elementor-widget-container\">\n\t\t\t\t\t<h1 class=\"elementor-heading-title elementor-size-default\">Erkl\u00e4rung zum Datenschutz<\/h1>\t\t\t\t<\/div>\n\t\t\t\t<\/div>\n\t\t\t\t<div class=\"elementor-element elementor-element-f546c1f elementor-widget elementor-widget-text-editor\" data-id=\"f546c1f\" data-element_type=\"widget\" data-widget_type=\"text-editor.default\">\n\t\t\t\t<div class=\"elementor-widget-container\">\n\t\t\t\t\t\t\t\t\t<p><b>1. Einf\u00fchrung<\/b><\/p><p>Das Hotel Cocoon (im Folgenden \"das Hotel\", \"wir\" oder \"uns\") legt gro\u00dfen Wert auf Ihre Privatsph\u00e4re und verarbeitet Ihre pers\u00f6nlichen Daten mit gr\u00f6\u00dfter Sorgfalt und in \u00dcbereinstimmung mit dem geltenden Recht, einschlie\u00dflich der Allgemeinen Datenschutzverordnung (GDPR).<\/p><p>In diesem Datenschutzhinweis wird erl\u00e4utert, welche Daten wir erfassen, warum wir sie erfassen, wie wir sie verarbeiten und welche Rechte Sie haben.<\/p><p><b>2. Wer ist f\u00fcr die Bearbeitung verantwortlich?<\/b><\/p><p>Der f\u00fcr die Verarbeitung Verantwortliche ist:<br><b>Hotel Cocoon<\/b><br>Van Iseghemlaan 21-25, 8400 Oostende<br>info@hotelcocoon.be<br>+32 59 80 40 82<br>Firmennummer: BE 0717.650.639<\/p><p>Wenn Sie Fragen zu dieser Datenschutzerkl\u00e4rung haben, kontaktieren Sie uns bitte unter info@hotelcocoon.be.<\/p><p><b>3. Welche pers\u00f6nlichen Daten sammeln wir?<\/b><\/p><p>Wir verarbeiten die folgenden personenbezogenen Daten je nach Ihrer Interaktion mit unserem Hotel:<\/p><p><b>Wenn Sie eine Reservierung vornehmen<\/b><\/p><ul><li>Name und Vorname<\/li><li>Kontaktinformationen (E-Mail, Telefonnummer, Adresse)<\/li><li>Einzelheiten zur Bezahlung<\/li><li>Vorlieben und Sonderw\u00fcnsche (z. B. Di\u00e4tvorschriften)<\/li><li>Angaben zur Identit\u00e4t (beim Check-in)<\/li><\/ul><p><b>Wenn Sie unsere Website nutzen<\/b><\/p><ul><li>IP-Adresse<\/li><li>Cookies und Tracking-Daten (siehe unsere Cookie-Erkl\u00e4rung)<\/li><li>Browser- und Ger\u00e4tedaten<\/li><\/ul><p><b>Bei der Anmeldung zu Newslettern oder Werbeaktionen<\/b><\/p><ul><li>Name<\/li><li>E-Mail Adresse<\/li><li>Pr\u00e4ferenzen (z.B. Art der Angebote)<\/li><\/ul><p><b>Auf Bewerbungen<\/b><\/p><ul><li>Lebenslauf und Anschreiben<\/li><li>Ausbildung und Berufserfahrung<\/li><\/ul><p><b>4. Warum verarbeiten wir diese Daten?<\/b><\/p><p>Wir verarbeiten Ihre Daten nur f\u00fcr legitime Zwecke:<\/p><table cellspacing=\"0\" cellpadding=\"0\"><tbody><tr><td valign=\"middle\"><p><b>Ziel<\/b><\/p><\/td><td valign=\"middle\"><p><b>Rechtsgrundlage (AVG)<\/b><\/p><\/td><\/tr><tr><td valign=\"middle\"><p>Verwaltung von Reservierungen und Aufenthalten<\/p><\/td><td valign=\"middle\"><p>Vertragliche Notwendigkeit<\/p><\/td><\/tr><tr><td valign=\"middle\"><p>Zahlungsabwicklung<\/p><\/td><td valign=\"middle\"><p>Gesetzliche Verpflichtung<\/p><\/td><\/tr><tr><td valign=\"middle\"><p>Marketing und Newsletters (mit Genehmigung)<\/p><\/td><td valign=\"middle\"><p>Erlaubnis<\/p><\/td><\/tr><tr><td valign=\"middle\"><p>Verbesserung unserer Website und Dienstleistungen<\/p><\/td><td valign=\"middle\"><p>Legitimes Interesse<\/p><\/td><\/tr><tr><td valign=\"middle\"><p>Gesetzliche Verpflichtungen (wie die Registrierung von G\u00e4sten)<\/p><\/td><td valign=\"middle\"><p>Gesetzliche Verpflichtung<\/p><\/td><\/tr><tr><td valign=\"middle\"><p>Bewerbungen und Personalverwaltung<\/p><\/td><td valign=\"middle\"><p>Einverst\u00e4ndnis\/Vertragliche Notwendigkeit<\/p><\/td><\/tr><\/tbody><\/table><p><b>5. Mit wem teilen wir Ihre Daten?<\/b><\/p><p>Wir teilen Ihre pers\u00f6nlichen Daten nur mit:<\/p><ul><li>Externe Buchungsplattformen (wenn Sie \u00fcber sie buchen)<\/li><li>Zahlungsdienstleister und Banken<\/li><li>IT-Dienstleister (Hosting, Sicherheit)<\/li><li>Regierungsbeh\u00f6rden, wenn dies gesetzlich vorgeschrieben ist<\/li><\/ul><p>Wir verkaufen oder vermieten Ihre Daten niemals an Dritte.<\/p><p><b>6. Wie lange bewahren wir Ihre Daten auf?<\/b><\/p><p>Wir bewahren Ihre personenbezogenen Daten nicht l\u00e4nger auf, als es f\u00fcr den Zweck, f\u00fcr den sie erhoben wurden, erforderlich ist. Zum Beispiel: <\/p><ul><li>Reservierungsdaten: 7 Jahre (buchhalterische Verpflichtungen)<\/li><li>Marketing-Daten: Bis Sie sich abmelden<\/li><li>Antr\u00e4ge: 6 Monate nach Ablehnung<\/li><\/ul><p><b>7. Ihre Rechte<\/b><\/p><p>Sie haben die folgenden Rechte in Bezug auf Ihre pers\u00f6nlichen Daten:<\/p><ul><li><b><\/b><b>Recht auf Zugang<\/b>: Sie k\u00f6nnen Ihre Daten bei uns anfordern.<\/li><li><b><\/b><b>Recht auf Berichtigung<\/b>: Sie k\u00f6nnen falsche Daten korrigieren lassen.<\/li><li><b><\/b><b>Recht auf L\u00f6schung<\/b>: Sie k\u00f6nnen uns auffordern, Ihre Daten zu l\u00f6schen (sofern dies gesetzlich zul\u00e4ssig ist).<\/li><li><b><\/b><b>Widerspruchsrecht<\/b>: Sie k\u00f6nnen dem Marketing oder bestimmten Verarbeitungsvorg\u00e4ngen widersprechen.<\/li><li><b><\/b><b>Recht auf \u00dcbertragbarkeit<\/b>: Sie k\u00f6nnen beantragen, Ihre Daten in einem maschinenlesbaren Format zu erhalten.<\/li><li><b><\/b><b>Recht auf Beschwerde<\/b> bei der Datenschutzbeh\u00f6rde.<\/li><\/ul><p>Sie k\u00f6nnen Ihre Rechte aus\u00fcben, indem Sie sich an info@hotelcocoon.be wenden.<\/p><p><b>8. Sicherheit Ihrer Daten<\/b><\/p><p>Wir treffen geeignete technische und organisatorische Ma\u00dfnahmen, um Ihre Daten vor Verlust, Diebstahl und unbefugtem Zugriff zu sch\u00fctzen.<\/p><p><b>9. Cookies<\/b><\/p><p>Unsere Website verwendet Cookies. F\u00fcr weitere Informationen lesen Sie bitte unsere Cookie-Erkl\u00e4rung. <\/p><p><b>10. \u00c4nderungen an dieser Datenschutzerkl\u00e4rung<\/b><\/p><p>Wir k\u00f6nnen diesen Datenschutzhinweis bei Bedarf \u00e4ndern. Die neueste Version ist immer auf unserer Website verf\u00fcgbar. <\/p><p><b>Zuletzt aktualisiert: 26\/02\/2025<\/b><\/p>\t\t\t\t\t\t\t\t<\/div>\n\t\t\t\t<\/div>\n\t\t\t\t<\/div>\n\t\t\t\t\t<\/div>\n\t\t\t\t<\/section>\n\t\t\t\t<\/div>\n\t\t\n    <div class=\"xs_social_share_widget xs_share_url after_content \t\tmain_content  wslu-style-1 wslu-share-box-shaped wslu-fill-colored wslu-none wslu-share-horizontal wslu-theme-font-no wslu-main_content\">\n\n\t\t\n        <ul>\n\t\t\t        <\/ul>\n    <\/div> \n","protected":false},"excerpt":{"rendered":"<p>Erkl\u00e4rung zum Datenschutz 1. Einf\u00fchrung Das Hotel Cocoon (im Folgenden \"das Hotel\", \"wir\" oder \"uns\") legt gro\u00dfen Wert auf Ihre Privatsph\u00e4re und verarbeitet Ihre pers\u00f6nlichen Daten mit gr\u00f6\u00dfter Sorgfalt und in \u00dcbereinstimmung mit dem geltenden Recht, einschlie\u00dflich der Allgemeinen Datenschutzverordnung (GDPR). In diesem Datenschutzhinweis wird erl\u00e4utert, welche Daten wir erfassen, warum wir sie erfassen, wie [&hellip;]<\/p>\n","protected":false},"author":1,"featured_media":0,"parent":0,"menu_order":0,"comment_status":"closed","ping_status":"closed","template":"","meta":{"_monsterinsights_skip_tracking":false,"_monsterinsights_sitenote_active":false,"_monsterinsights_sitenote_note":"","_monsterinsights_sitenote_category":0,"postBodyCss":"","postBodyMargin":[],"postBodyPadding":[],"postBodyBackground":{"backgroundType":"classic","gradient":""},"footnotes":""},"class_list":["post-1524","page","type-page","status-publish","hentry"],"yoast_head":"<!-- This site is optimized with the Yoast SEO plugin v25.6 - https:\/\/yoast.com\/wordpress\/plugins\/seo\/ -->\n<title>Datenschutzbestimmungen - Hotel Cocoon<\/title>\n<meta name=\"robots\" content=\"index, follow, max-snippet:-1, max-image-preview:large, max-video-preview:-1\" \/>\n<link rel=\"canonical\" href=\"https:\/\/www.hotelcocoon.be\/de\/datenschutzbestimmungen\/\" \/>\n<meta property=\"og:locale\" content=\"de_DE\" \/>\n<meta property=\"og:type\" content=\"article\" \/>\n<meta property=\"og:title\" content=\"Datenschutzbestimmungen - Hotel Cocoon\" \/>\n<meta property=\"og:description\" content=\"Erkl\u00e4rung zum Datenschutz 1. Einf\u00fchrung Das Hotel Cocoon (im Folgenden &quot;das Hotel&quot;, &quot;wir&quot; oder &quot;uns&quot;) legt gro\u00dfen Wert auf Ihre Privatsph\u00e4re und verarbeitet Ihre pers\u00f6nlichen Daten mit gr\u00f6\u00dfter Sorgfalt und in \u00dcbereinstimmung mit dem geltenden Recht, einschlie\u00dflich der Allgemeinen Datenschutzverordnung (GDPR). In diesem Datenschutzhinweis wird erl\u00e4utert, welche Daten wir erfassen, warum wir sie erfassen, wie [&hellip;]\" \/>\n<meta property=\"og:url\" content=\"https:\/\/www.hotelcocoon.be\/de\/datenschutzbestimmungen\/\" \/>\n<meta property=\"og:site_name\" content=\"Hotel Cocoon\" \/>\n<meta property=\"article:modified_time\" content=\"2025-07-15T16:55:09+00:00\" \/>\n<meta name=\"twitter:card\" content=\"summary_large_image\" \/>\n<meta name=\"twitter:label1\" content=\"Gesch\u00e4tzte Lesezeit\" \/>\n\t<meta name=\"twitter:data1\" content=\"2 Minuten\" \/>\n<script type=\"application\/ld+json\" class=\"yoast-schema-graph\">{\"@context\":\"https:\/\/schema.org\",\"@graph\":[{\"@type\":\"WebPage\",\"@id\":\"https:\/\/www.hotelcocoon.be\/de\/datenschutzbestimmungen\/\",\"url\":\"https:\/\/www.hotelcocoon.be\/de\/datenschutzbestimmungen\/\",\"name\":\"Datenschutzbestimmungen - Hotel Cocoon\",\"isPartOf\":{\"@id\":\"https:\/\/www.hotelcocoon.be\/de\/#website\"},\"datePublished\":\"2025-02-17T14:28:45+00:00\",\"dateModified\":\"2025-07-15T16:55:09+00:00\",\"breadcrumb\":{\"@id\":\"https:\/\/www.hotelcocoon.be\/de\/datenschutzbestimmungen\/#breadcrumb\"},\"inLanguage\":\"de\",\"potentialAction\":[{\"@type\":\"ReadAction\",\"target\":[\"https:\/\/www.hotelcocoon.be\/de\/datenschutzbestimmungen\/\"]}]},{\"@type\":\"BreadcrumbList\",\"@id\":\"https:\/\/www.hotelcocoon.be\/de\/datenschutzbestimmungen\/#breadcrumb\",\"itemListElement\":[{\"@type\":\"ListItem\",\"position\":1,\"name\":\"Startseite\",\"item\":\"https:\/\/www.hotelcocoon.be\/de\/\"},{\"@type\":\"ListItem\",\"position\":2,\"name\":\"Datenschutzbestimmungen\"}]},{\"@type\":\"WebSite\",\"@id\":\"https:\/\/www.hotelcocoon.be\/de\/#website\",\"url\":\"https:\/\/www.hotelcocoon.be\/de\/\",\"name\":\"Hotel Cocoon\",\"description\":\"\",\"publisher\":{\"@id\":\"https:\/\/www.hotelcocoon.be\/de\/#organization\"},\"potentialAction\":[{\"@type\":\"SearchAction\",\"target\":{\"@type\":\"EntryPoint\",\"urlTemplate\":\"https:\/\/www.hotelcocoon.be\/de\/?s={search_term_string}\"},\"query-input\":{\"@type\":\"PropertyValueSpecification\",\"valueRequired\":true,\"valueName\":\"search_term_string\"}}],\"inLanguage\":\"de\"},{\"@type\":\"Organization\",\"@id\":\"https:\/\/www.hotelcocoon.be\/de\/#organization\",\"name\":\"Hotel Cocoon\",\"url\":\"https:\/\/www.hotelcocoon.be\/de\/\",\"logo\":{\"@type\":\"ImageObject\",\"inLanguage\":\"de\",\"@id\":\"https:\/\/www.hotelcocoon.be\/de\/#\/schema\/logo\/image\/\",\"url\":\"https:\/\/www.hotelcocoon.be\/wp-content\/uploads\/2025\/07\/cropped-Artboard-1-1.png\",\"contentUrl\":\"https:\/\/www.hotelcocoon.be\/wp-content\/uploads\/2025\/07\/cropped-Artboard-1-1.png\",\"width\":376,\"height\":130,\"caption\":\"Hotel Cocoon\"},\"image\":{\"@id\":\"https:\/\/www.hotelcocoon.be\/de\/#\/schema\/logo\/image\/\"}}]}<\/script>\n<!-- \/ Yoast SEO plugin. -->","yoast_head_json":{"title":"Datenschutzbestimmungen - Hotel Cocoon","robots":{"index":"index","follow":"follow","max-snippet":"max-snippet:-1","max-image-preview":"max-image-preview:large","max-video-preview":"max-video-preview:-1"},"canonical":"https:\/\/www.hotelcocoon.be\/de\/datenschutzbestimmungen\/","og_locale":"de_DE","og_type":"article","og_title":"Datenschutzbestimmungen - Hotel Cocoon","og_description":"Erkl\u00e4rung zum Datenschutz 1. Einf\u00fchrung Das Hotel Cocoon (im Folgenden \"das Hotel\", \"wir\" oder \"uns\") legt gro\u00dfen Wert auf Ihre Privatsph\u00e4re und verarbeitet Ihre pers\u00f6nlichen Daten mit gr\u00f6\u00dfter Sorgfalt und in \u00dcbereinstimmung mit dem geltenden Recht, einschlie\u00dflich der Allgemeinen Datenschutzverordnung (GDPR). In diesem Datenschutzhinweis wird erl\u00e4utert, welche Daten wir erfassen, warum wir sie erfassen, wie [&hellip;]","og_url":"https:\/\/www.hotelcocoon.be\/de\/datenschutzbestimmungen\/","og_site_name":"Hotel Cocoon","article_modified_time":"2025-07-15T16:55:09+00:00","twitter_card":"summary_large_image","twitter_misc":{"Gesch\u00e4tzte Lesezeit":"2 Minuten"},"schema":{"@context":"https:\/\/schema.org","@graph":[{"@type":"WebPage","@id":"https:\/\/www.hotelcocoon.be\/de\/datenschutzbestimmungen\/","url":"https:\/\/www.hotelcocoon.be\/de\/datenschutzbestimmungen\/","name":"Datenschutzbestimmungen - Hotel Cocoon","isPartOf":{"@id":"https:\/\/www.hotelcocoon.be\/de\/#website"},"datePublished":"2025-02-17T14:28:45+00:00","dateModified":"2025-07-15T16:55:09+00:00","breadcrumb":{"@id":"https:\/\/www.hotelcocoon.be\/de\/datenschutzbestimmungen\/#breadcrumb"},"inLanguage":"de","potentialAction":[{"@type":"ReadAction","target":["https:\/\/www.hotelcocoon.be\/de\/datenschutzbestimmungen\/"]}]},{"@type":"BreadcrumbList","@id":"https:\/\/www.hotelcocoon.be\/de\/datenschutzbestimmungen\/#breadcrumb","itemListElement":[{"@type":"ListItem","position":1,"name":"Startseite","item":"https:\/\/www.hotelcocoon.be\/de\/"},{"@type":"ListItem","position":2,"name":"Datenschutzbestimmungen"}]},{"@type":"WebSite","@id":"https:\/\/www.hotelcocoon.be\/de\/#website","url":"https:\/\/www.hotelcocoon.be\/de\/","name":"Hotel Cocoon","description":"","publisher":{"@id":"https:\/\/www.hotelcocoon.be\/de\/#organization"},"potentialAction":[{"@type":"SearchAction","target":{"@type":"EntryPoint","urlTemplate":"https:\/\/www.hotelcocoon.be\/de\/?s={search_term_string}"},"query-input":{"@type":"PropertyValueSpecification","valueRequired":true,"valueName":"search_term_string"}}],"inLanguage":"de"},{"@type":"Organization","@id":"https:\/\/www.hotelcocoon.be\/de\/#organization","name":"Hotel Cocoon","url":"https:\/\/www.hotelcocoon.be\/de\/","logo":{"@type":"ImageObject","inLanguage":"de","@id":"https:\/\/www.hotelcocoon.be\/de\/#\/schema\/logo\/image\/","url":"https:\/\/www.hotelcocoon.be\/wp-content\/uploads\/2025\/07\/cropped-Artboard-1-1.png","contentUrl":"https:\/\/www.hotelcocoon.be\/wp-content\/uploads\/2025\/07\/cropped-Artboard-1-1.png","width":376,"height":130,"caption":"Hotel Cocoon"},"image":{"@id":"https:\/\/www.hotelcocoon.be\/de\/#\/schema\/logo\/image\/"}}]}},"_links":{"self":[{"href":"https:\/\/www.hotelcocoon.be\/de\/wp-json\/wp\/v2\/pages\/1524","targetHints":{"allow":["GET"]}}],"collection":[{"href":"https:\/\/www.hotelcocoon.be\/de\/wp-json\/wp\/v2\/pages"}],"about":[{"href":"https:\/\/www.hotelcocoon.be\/de\/wp-json\/wp\/v2\/types\/page"}],"author":[{"embeddable":true,"href":"https:\/\/www.hotelcocoon.be\/de\/wp-json\/wp\/v2\/users\/1"}],"replies":[{"embeddable":true,"href":"https:\/\/www.hotelcocoon.be\/de\/wp-json\/wp\/v2\/comments?post=1524"}],"version-history":[{"count":2,"href":"https:\/\/www.hotelcocoon.be\/de\/wp-json\/wp\/v2\/pages\/1524\/revisions"}],"predecessor-version":[{"id":1528,"href":"https:\/\/www.hotelcocoon.be\/de\/wp-json\/wp\/v2\/pages\/1524\/revisions\/1528"}],"wp:attachment":[{"href":"https:\/\/www.hotelcocoon.be\/de\/wp-json\/wp\/v2\/media?parent=1524"}],"curies":[{"name":"wp","href":"https:\/\/api.w.org\/{rel}","templated":true}]}}